{"id":3354,"date":"2024-12-19T09:57:58","date_gmt":"2024-12-19T08:57:58","guid":{"rendered":"https:\/\/www.digitalnyobchodnik.sk\/start\/?page_id=3354"},"modified":"2025-06-20T10:35:39","modified_gmt":"2025-06-20T08:35:39","slug":"nativne-clanky","status":"publish","type":"page","link":"https:\/\/digitalnyobchodnik.sk\/start\/web-clanky\/nativne-clanky\/","title":{"rendered":"Nat\u00edvne \u010dl\u00e1nky"},"content":{"rendered":"\t\t<div data-elementor-type=\"wp-page\" data-elementor-id=\"3354\" class=\"elementor elementor-3354\" data-elementor-post-type=\"page\">\n\t\t\t\t<div class=\"elementor-element elementor-element-74287cb e-flex e-con-boxed e-con e-parent\" data-id=\"74287cb\" data-element_type=\"container\">\n\t\t\t\t\t<div class=\"e-con-inner\">\n\t\t<div class=\"elementor-element elementor-element-978a5a6 e-con-full e-flex e-con e-child\" data-id=\"978a5a6\" data-element_type=\"container\">\n\t\t\t\t<div class=\"elementor-element elementor-element-0545097 elementor-align-center elementor-widget elementor-widget-breadcrumbs\" data-id=\"0545097\" data-element_type=\"widget\" data-widget_type=\"breadcrumbs.default\">\n\t\t\t\t<div class=\"elementor-widget-container\">\n\t\t\t\t\t<span id=\"breadcrumbs\"><span><span><a href=\"https:\/\/www.digitalnyobchodnik.sk\/start\/\">Hlavn\u00e1 str\u00e1nka<\/a><\/span><\/span><\/span>\t\t\t\t<\/div>\n\t\t\t\t<\/div>\n\t\t\t\t<div class=\"elementor-element elementor-element-3322a94 elementor-widget elementor-widget-text-editor\" data-id=\"3322a94\" data-element_type=\"widget\" data-widget_type=\"text-editor.default\">\n\t\t\t\t<div class=\"elementor-widget-container\">\n\t\t\t\t\t\t\t\t\t<p>Nat\u00edvny \u010dl\u00e1nok<\/p>\t\t\t\t\t\t\t\t<\/div>\n\t\t\t\t<\/div>\n\t\t\t\t<div class=\"elementor-element elementor-element-cae0eff elementor-widget elementor-widget-text-editor\" data-id=\"cae0eff\" data-element_type=\"widget\" data-widget_type=\"text-editor.default\">\n\t\t\t\t<div class=\"elementor-widget-container\">\n\t\t\t\t\t\t\t\t\t<p>V\u00fdhodou komer\u010dn\u00e9ho \u010dl\u00e1nku je prirodzen\u00e9 zapojenie, nako\u013eko obsah p\u00f4sob\u00ed <strong>prirodzene<\/strong> medzi redak\u010dn\u00fdmi \u010dl\u00e1nkami.<\/p>\t\t\t\t\t\t\t\t<\/div>\n\t\t\t\t<\/div>\n\t\t\t\t<div class=\"elementor-element elementor-element-a010446 elementor-widget elementor-widget-text-editor\" data-id=\"a010446\" data-element_type=\"widget\" data-widget_type=\"text-editor.default\">\n\t\t\t\t<div class=\"elementor-widget-container\">\n\t\t\t\t\t\t\t\t\t<p>Vypublikovan\u00fd \u010dl\u00e1nok zdie\u013eame na fixovanej poz\u00edcii B (<strong>4. v\u00a0porad\u00ed vr\u00e1tane redak\u010dn\u00e9ho obsahu) <\/strong>na <strong>24<\/strong> hod\u00edn na <strong>v\u0161etky weby regi\u00f3nov MY<\/strong>. Po uplynut\u00ed tejto doby \u010dl\u00e1nok ost\u00e1va v\u00a0<strong>arch\u00edve<\/strong> <strong>webu<\/strong> MY a\u00a0jeho <strong>link<\/strong> bude permanentne<strong> akt\u00edvny<\/strong>. Pre zv\u00fd\u0161enie dosahu \u010dl\u00e1nku odpor\u00fa\u010dame doobjedna\u0165 jeho zdie\u013eanie na Facebookov\u00fdch str\u00e1nkach vybran\u00fdch regi\u00f3nov <strong>MY<\/strong>.<\/p>\t\t\t\t\t\t\t\t<\/div>\n\t\t\t\t<\/div>\n\t\t\t\t<div class=\"elementor-element elementor-element-aada2d0 elementor-align-center elementor-widget__width-inherit elementor-mobile-align-center elementor-widget elementor-widget-button\" data-id=\"aada2d0\" data-element_type=\"widget\" data-widget_type=\"button.default\">\n\t\t\t\t<div class=\"elementor-widget-container\">\n\t\t\t\t\t\t\t\t\t<div class=\"elementor-button-wrapper\">\n\t\t\t\t\t<a class=\"elementor-button elementor-button-link elementor-size-sm\" href=\"https:\/\/digitalnyobchodnik.sk\/kalkulacka.php\" target=\"_blank\">\n\t\t\t\t\t\t<span class=\"elementor-button-content-wrapper\">\n\t\t\t\t\t\t\t\t\t<span class=\"elementor-button-text\">vypo\u010d\u00edta\u0165 cenu -&gt;<\/span>\n\t\t\t\t\t<\/span>\n\t\t\t\t\t<\/a>\n\t\t\t\t<\/div>\n\t\t\t\t\t\t\t\t<\/div>\n\t\t\t\t<\/div>\n\t\t\t\t<\/div>\n\t\t\t\t\t<\/div>\n\t\t\t\t<\/div>\n\t\t\t\t<\/div>\n\t\t","protected":false},"excerpt":{"rendered":"<p>Nat\u00edvny \u010dl\u00e1nok V\u00fdhodou komer\u010dn\u00e9ho \u010dl\u00e1nku je prirodzen\u00e9 zapojenie, nako\u013eko obsah p\u00f4sob\u00ed prirodzene medzi redak\u010dn\u00fdmi \u010dl\u00e1nkami. Vypublikovan\u00fd \u010dl\u00e1nok zdie\u013eame na fixovanej poz\u00edcii B (4. v\u00a0porad\u00ed vr\u00e1tane redak\u010dn\u00e9ho obsahu) na 24 hod\u00edn na v\u0161etky weby regi\u00f3nov MY. Po uplynut\u00ed tejto doby \u010dl\u00e1nok ost\u00e1va v\u00a0arch\u00edve webu MY a\u00a0jeho link bude permanentne akt\u00edvny. Pre zv\u00fd\u0161enie dosahu \u010dl\u00e1nku odpor\u00fa\u010dame doobjedna\u0165 [&hellip;]<\/p>\n","protected":false},"author":2,"featured_media":0,"parent":3244,"menu_order":0,"comment_status":"closed","ping_status":"closed","template":"","meta":{"footnotes":""},"class_list":["post-3354","page","type-page","status-publish","hentry"],"yoast_head":"<!-- This site is optimized with the Yoast SEO plugin v25.8 - https:\/\/yoast.com\/wordpress\/plugins\/seo\/ -->\n<title>Nat\u00edvne \u010dl\u00e1nky - Digit\u00e1lny obchodn\u00edk<\/title>\n<meta name=\"robots\" content=\"index, follow, max-snippet:-1, max-image-preview:large, max-video-preview:-1\" \/>\n<link rel=\"canonical\" href=\"https:\/\/digitalnyobchodnik.sk\/start\/web-clanky\/nativne-clanky\/\" \/>\n<meta property=\"og:locale\" content=\"sk_SK\" \/>\n<meta property=\"og:type\" content=\"article\" \/>\n<meta property=\"og:title\" content=\"Nat\u00edvne \u010dl\u00e1nky - Digit\u00e1lny obchodn\u00edk\" \/>\n<meta property=\"og:description\" content=\"Nat\u00edvny \u010dl\u00e1nok V\u00fdhodou komer\u010dn\u00e9ho \u010dl\u00e1nku je prirodzen\u00e9 zapojenie, nako\u013eko obsah p\u00f4sob\u00ed prirodzene medzi redak\u010dn\u00fdmi \u010dl\u00e1nkami. Vypublikovan\u00fd \u010dl\u00e1nok zdie\u013eame na fixovanej poz\u00edcii B (4. v\u00a0porad\u00ed vr\u00e1tane redak\u010dn\u00e9ho obsahu) na 24 hod\u00edn na v\u0161etky weby regi\u00f3nov MY. Po uplynut\u00ed tejto doby \u010dl\u00e1nok ost\u00e1va v\u00a0arch\u00edve webu MY a\u00a0jeho link bude permanentne akt\u00edvny. Pre zv\u00fd\u0161enie dosahu \u010dl\u00e1nku odpor\u00fa\u010dame doobjedna\u0165 [&hellip;]\" \/>\n<meta property=\"og:url\" content=\"https:\/\/digitalnyobchodnik.sk\/start\/web-clanky\/nativne-clanky\/\" \/>\n<meta property=\"og:site_name\" content=\"Digit\u00e1lny obchodn\u00edk\" \/>\n<meta property=\"article:modified_time\" content=\"2025-06-20T08:35:39+00:00\" \/>\n<meta name=\"twitter:card\" content=\"summary_large_image\" \/>\n<meta name=\"twitter:label1\" content=\"Predpokladan\u00fd \u010das \u010d\u00edtania\" \/>\n\t<meta name=\"twitter:data1\" content=\"1 min\u00fata\" \/>\n<script type=\"application\/ld+json\" class=\"yoast-schema-graph\">{\"@context\":\"https:\/\/schema.org\",\"@graph\":[{\"@type\":\"WebPage\",\"@id\":\"https:\/\/digitalnyobchodnik.sk\/start\/web-clanky\/nativne-clanky\/\",\"url\":\"https:\/\/digitalnyobchodnik.sk\/start\/web-clanky\/nativne-clanky\/\",\"name\":\"Nat\u00edvne \u010dl\u00e1nky - Digit\u00e1lny obchodn\u00edk\",\"isPartOf\":{\"@id\":\"https:\/\/digitalnyobchodnik.sk\/start\/#website\"},\"datePublished\":\"2024-12-19T08:57:58+00:00\",\"dateModified\":\"2025-06-20T08:35:39+00:00\",\"breadcrumb\":{\"@id\":\"https:\/\/digitalnyobchodnik.sk\/start\/web-clanky\/nativne-clanky\/#breadcrumb\"},\"inLanguage\":\"sk-SK\",\"potentialAction\":[{\"@type\":\"ReadAction\",\"target\":[\"https:\/\/digitalnyobchodnik.sk\/start\/web-clanky\/nativne-clanky\/\"]}]},{\"@type\":\"BreadcrumbList\",\"@id\":\"https:\/\/digitalnyobchodnik.sk\/start\/web-clanky\/nativne-clanky\/#breadcrumb\",\"itemListElement\":[{\"@type\":\"ListItem\",\"position\":1,\"name\":\"Hlavn\u00e1 str\u00e1nka\",\"item\":\"https:\/\/www.digitalnyobchodnik.sk\/start\/\"},{\"@type\":\"ListItem\",\"position\":2,\"name\":\"Web \u010cl\u00e1nky\",\"item\":\"https:\/\/digitalnyobchodnik.sk\/start\/web-clanky\/\"},{\"@type\":\"ListItem\",\"position\":3,\"name\":\"Nat\u00edvne \u010dl\u00e1nky\"}]},{\"@type\":\"WebSite\",\"@id\":\"https:\/\/digitalnyobchodnik.sk\/start\/#website\",\"url\":\"https:\/\/digitalnyobchodnik.sk\/start\/\",\"name\":\"Digit\u00e1lny obchodn\u00edk\",\"description\":\"\",\"publisher\":{\"@id\":\"https:\/\/digitalnyobchodnik.sk\/start\/#organization\"},\"potentialAction\":[{\"@type\":\"SearchAction\",\"target\":{\"@type\":\"EntryPoint\",\"urlTemplate\":\"https:\/\/digitalnyobchodnik.sk\/start\/?s={search_term_string}\"},\"query-input\":{\"@type\":\"PropertyValueSpecification\",\"valueRequired\":true,\"valueName\":\"search_term_string\"}}],\"inLanguage\":\"sk-SK\"},{\"@type\":\"Organization\",\"@id\":\"https:\/\/digitalnyobchodnik.sk\/start\/#organization\",\"name\":\"Digit\u00e1lny obchodn\u00edk\",\"url\":\"https:\/\/digitalnyobchodnik.sk\/start\/\",\"logo\":{\"@type\":\"ImageObject\",\"inLanguage\":\"sk-SK\",\"@id\":\"https:\/\/digitalnyobchodnik.sk\/start\/#\/schema\/logo\/image\/\",\"url\":\"https:\/\/digitalnyobchodnik.sk\/start\/wp-content\/uploads\/2024\/11\/test-digiobcho-icon-header-logo.png\",\"contentUrl\":\"https:\/\/digitalnyobchodnik.sk\/start\/wp-content\/uploads\/2024\/11\/test-digiobcho-icon-header-logo.png\",\"width\":160,\"height\":33,\"caption\":\"Digit\u00e1lny obchodn\u00edk\"},\"image\":{\"@id\":\"https:\/\/digitalnyobchodnik.sk\/start\/#\/schema\/logo\/image\/\"}}]}<\/script>\n<!-- \/ Yoast SEO plugin. -->","yoast_head_json":{"title":"Nat\u00edvne \u010dl\u00e1nky - Digit\u00e1lny obchodn\u00edk","robots":{"index":"index","follow":"follow","max-snippet":"max-snippet:-1","max-image-preview":"max-image-preview:large","max-video-preview":"max-video-preview:-1"},"canonical":"https:\/\/digitalnyobchodnik.sk\/start\/web-clanky\/nativne-clanky\/","og_locale":"sk_SK","og_type":"article","og_title":"Nat\u00edvne \u010dl\u00e1nky - Digit\u00e1lny obchodn\u00edk","og_description":"Nat\u00edvny \u010dl\u00e1nok V\u00fdhodou komer\u010dn\u00e9ho \u010dl\u00e1nku je prirodzen\u00e9 zapojenie, nako\u013eko obsah p\u00f4sob\u00ed prirodzene medzi redak\u010dn\u00fdmi \u010dl\u00e1nkami. Vypublikovan\u00fd \u010dl\u00e1nok zdie\u013eame na fixovanej poz\u00edcii B (4. v\u00a0porad\u00ed vr\u00e1tane redak\u010dn\u00e9ho obsahu) na 24 hod\u00edn na v\u0161etky weby regi\u00f3nov MY. Po uplynut\u00ed tejto doby \u010dl\u00e1nok ost\u00e1va v\u00a0arch\u00edve webu MY a\u00a0jeho link bude permanentne akt\u00edvny. Pre zv\u00fd\u0161enie dosahu \u010dl\u00e1nku odpor\u00fa\u010dame doobjedna\u0165 [&hellip;]","og_url":"https:\/\/digitalnyobchodnik.sk\/start\/web-clanky\/nativne-clanky\/","og_site_name":"Digit\u00e1lny obchodn\u00edk","article_modified_time":"2025-06-20T08:35:39+00:00","twitter_card":"summary_large_image","twitter_misc":{"Predpokladan\u00fd \u010das \u010d\u00edtania":"1 min\u00fata"},"schema":{"@context":"https:\/\/schema.org","@graph":[{"@type":"WebPage","@id":"https:\/\/digitalnyobchodnik.sk\/start\/web-clanky\/nativne-clanky\/","url":"https:\/\/digitalnyobchodnik.sk\/start\/web-clanky\/nativne-clanky\/","name":"Nat\u00edvne \u010dl\u00e1nky - Digit\u00e1lny obchodn\u00edk","isPartOf":{"@id":"https:\/\/digitalnyobchodnik.sk\/start\/#website"},"datePublished":"2024-12-19T08:57:58+00:00","dateModified":"2025-06-20T08:35:39+00:00","breadcrumb":{"@id":"https:\/\/digitalnyobchodnik.sk\/start\/web-clanky\/nativne-clanky\/#breadcrumb"},"inLanguage":"sk-SK","potentialAction":[{"@type":"ReadAction","target":["https:\/\/digitalnyobchodnik.sk\/start\/web-clanky\/nativne-clanky\/"]}]},{"@type":"BreadcrumbList","@id":"https:\/\/digitalnyobchodnik.sk\/start\/web-clanky\/nativne-clanky\/#breadcrumb","itemListElement":[{"@type":"ListItem","position":1,"name":"Hlavn\u00e1 str\u00e1nka","item":"https:\/\/www.digitalnyobchodnik.sk\/start\/"},{"@type":"ListItem","position":2,"name":"Web \u010cl\u00e1nky","item":"https:\/\/digitalnyobchodnik.sk\/start\/web-clanky\/"},{"@type":"ListItem","position":3,"name":"Nat\u00edvne \u010dl\u00e1nky"}]},{"@type":"WebSite","@id":"https:\/\/digitalnyobchodnik.sk\/start\/#website","url":"https:\/\/digitalnyobchodnik.sk\/start\/","name":"Digit\u00e1lny obchodn\u00edk","description":"","publisher":{"@id":"https:\/\/digitalnyobchodnik.sk\/start\/#organization"},"potentialAction":[{"@type":"SearchAction","target":{"@type":"EntryPoint","urlTemplate":"https:\/\/digitalnyobchodnik.sk\/start\/?s={search_term_string}"},"query-input":{"@type":"PropertyValueSpecification","valueRequired":true,"valueName":"search_term_string"}}],"inLanguage":"sk-SK"},{"@type":"Organization","@id":"https:\/\/digitalnyobchodnik.sk\/start\/#organization","name":"Digit\u00e1lny obchodn\u00edk","url":"https:\/\/digitalnyobchodnik.sk\/start\/","logo":{"@type":"ImageObject","inLanguage":"sk-SK","@id":"https:\/\/digitalnyobchodnik.sk\/start\/#\/schema\/logo\/image\/","url":"https:\/\/digitalnyobchodnik.sk\/start\/wp-content\/uploads\/2024\/11\/test-digiobcho-icon-header-logo.png","contentUrl":"https:\/\/digitalnyobchodnik.sk\/start\/wp-content\/uploads\/2024\/11\/test-digiobcho-icon-header-logo.png","width":160,"height":33,"caption":"Digit\u00e1lny obchodn\u00edk"},"image":{"@id":"https:\/\/digitalnyobchodnik.sk\/start\/#\/schema\/logo\/image\/"}}]}},"_links":{"self":[{"href":"https:\/\/digitalnyobchodnik.sk\/start\/wp-json\/wp\/v2\/pages\/3354","targetHints":{"allow":["GET"]}}],"collection":[{"href":"https:\/\/digitalnyobchodnik.sk\/start\/wp-json\/wp\/v2\/pages"}],"about":[{"href":"https:\/\/digitalnyobchodnik.sk\/start\/wp-json\/wp\/v2\/types\/page"}],"author":[{"embeddable":true,"href":"https:\/\/digitalnyobchodnik.sk\/start\/wp-json\/wp\/v2\/users\/2"}],"replies":[{"embeddable":true,"href":"https:\/\/digitalnyobchodnik.sk\/start\/wp-json\/wp\/v2\/comments?post=3354"}],"version-history":[{"count":6,"href":"https:\/\/digitalnyobchodnik.sk\/start\/wp-json\/wp\/v2\/pages\/3354\/revisions"}],"predecessor-version":[{"id":4128,"href":"https:\/\/digitalnyobchodnik.sk\/start\/wp-json\/wp\/v2\/pages\/3354\/revisions\/4128"}],"up":[{"embeddable":true,"href":"https:\/\/digitalnyobchodnik.sk\/start\/wp-json\/wp\/v2\/pages\/3244"}],"wp:attachment":[{"href":"https:\/\/digitalnyobchodnik.sk\/start\/wp-json\/wp\/v2\/media?parent=3354"}],"curies":[{"name":"wp","href":"https:\/\/api.w.org\/{rel}","templated":true}]}}