{"id":3384,"date":"2024-12-19T10:15:04","date_gmt":"2024-12-19T09:15:04","guid":{"rendered":"https:\/\/www.digitalnyobchodnik.sk\/start\/?page_id=3384"},"modified":"2025-06-20T10:41:04","modified_gmt":"2025-06-20T08:41:04","slug":"pre-roll-spot","status":"publish","type":"page","link":"https:\/\/digitalnyobchodnik.sk\/start\/web-videoreklama\/pre-roll-spot\/","title":{"rendered":"Pre-roll spot"},"content":{"rendered":"\t\t<div data-elementor-type=\"wp-page\" data-elementor-id=\"3384\" class=\"elementor elementor-3384\" data-elementor-post-type=\"page\">\n\t\t\t\t<div class=\"elementor-element elementor-element-74287cb e-flex e-con-boxed e-con e-parent\" data-id=\"74287cb\" data-element_type=\"container\">\n\t\t\t\t\t<div class=\"e-con-inner\">\n\t\t<div class=\"elementor-element elementor-element-978a5a6 e-con-full e-flex e-con e-child\" data-id=\"978a5a6\" data-element_type=\"container\">\n\t\t\t\t<div class=\"elementor-element elementor-element-0545097 elementor-align-center elementor-widget elementor-widget-breadcrumbs\" data-id=\"0545097\" data-element_type=\"widget\" data-widget_type=\"breadcrumbs.default\">\n\t\t\t\t<div class=\"elementor-widget-container\">\n\t\t\t\t\t<span id=\"breadcrumbs\"><span><span><a href=\"https:\/\/www.digitalnyobchodnik.sk\/start\/\">Hlavn\u00e1 str\u00e1nka<\/a><\/span><\/span><\/span>\t\t\t\t<\/div>\n\t\t\t\t<\/div>\n\t\t\t\t<div class=\"elementor-element elementor-element-3322a94 elementor-widget elementor-widget-text-editor\" data-id=\"3322a94\" data-element_type=\"widget\" data-widget_type=\"text-editor.default\">\n\t\t\t\t<div class=\"elementor-widget-container\">\n\t\t\t\t\t\t\t\t\t<p>Pre-roll spot<\/p>\t\t\t\t\t\t\t\t<\/div>\n\t\t\t\t<\/div>\n\t\t\t\t<div class=\"elementor-element elementor-element-cae0eff elementor-widget elementor-widget-text-editor\" data-id=\"cae0eff\" data-element_type=\"widget\" data-widget_type=\"text-editor.default\">\n\t\t\t\t<div class=\"elementor-widget-container\">\n\t\t\t\t\t\t\t\t\t<p>Va\u0161a reklama, prv\u00e1 vec, ktor\u00fa div\u00e1k uvid\u00ed \u2013 vyu\u017eite silu prv\u00e9ho dojmu!<\/p>\t\t\t\t\t\t\t\t<\/div>\n\t\t\t\t<\/div>\n\t\t\t\t<div class=\"elementor-element elementor-element-a010446 elementor-widget elementor-widget-text-editor\" data-id=\"a010446\" data-element_type=\"widget\" data-widget_type=\"text-editor.default\">\n\t\t\t\t<div class=\"elementor-widget-container\">\n\t\t\t\t\t\t\t\t\t<p>Pre-roll spot sa zobrazuje pred prehr\u00e1van\u00edm videa. Pred videom m\u00f4\u017eu by\u0165 zobrazen\u00e9 maxim\u00e1lne dva reklamn\u00e9 spoty. Odpor\u00fa\u010dan\u00e1 d\u013a\u017eka spotu je do <strong>30<\/strong> sek\u00fand, pri\u010dom po 5 sekund\u00e1ch sa zobraz\u00ed funk\u010dn\u00fd odkaz &#8222;Presko\u010di\u0165 reklamu&#8220; s odpo\u010dtom. Reklamn\u00fd spot je vo form\u00e1te <strong>16:9<\/strong>, podporuje maxim\u00e1lny video bitrate <strong>640<\/strong> Kbit\/s a audio bitrate <strong>128<\/strong> Kbit\/s, mono alebo stereo. Kliknutie na reklamu umo\u017e\u0148uje sledova\u0165 prednastaven\u00fa <strong>URL<\/strong> adresu.<\/p>\t\t\t\t\t\t\t\t<\/div>\n\t\t\t\t<\/div>\n\t\t\t\t<div class=\"elementor-element elementor-element-f9709d2 elementor-align-center elementor-widget__width-inherit elementor-mobile-align-center elementor-widget elementor-widget-button\" data-id=\"f9709d2\" data-element_type=\"widget\" data-widget_type=\"button.default\">\n\t\t\t\t<div class=\"elementor-widget-container\">\n\t\t\t\t\t\t\t\t\t<div class=\"elementor-button-wrapper\">\n\t\t\t\t\t<a class=\"elementor-button elementor-button-link elementor-size-sm\" href=\"https:\/\/digitalnyobchodnik.sk\/kalkulacka.php\" target=\"_blank\">\n\t\t\t\t\t\t<span class=\"elementor-button-content-wrapper\">\n\t\t\t\t\t\t\t\t\t<span class=\"elementor-button-text\">vypo\u010d\u00edta\u0165 cenu -&gt;<\/span>\n\t\t\t\t\t<\/span>\n\t\t\t\t\t<\/a>\n\t\t\t\t<\/div>\n\t\t\t\t\t\t\t\t<\/div>\n\t\t\t\t<\/div>\n\t\t\t\t<\/div>\n\t\t\t\t\t<\/div>\n\t\t\t\t<\/div>\n\t\t\t\t<\/div>\n\t\t","protected":false},"excerpt":{"rendered":"<p>Pre-roll spot Va\u0161a reklama, prv\u00e1 vec, ktor\u00fa div\u00e1k uvid\u00ed \u2013 vyu\u017eite silu prv\u00e9ho dojmu! Pre-roll spot sa zobrazuje pred prehr\u00e1van\u00edm videa. Pred videom m\u00f4\u017eu by\u0165 zobrazen\u00e9 maxim\u00e1lne dva reklamn\u00e9 spoty. Odpor\u00fa\u010dan\u00e1 d\u013a\u017eka spotu je do 30 sek\u00fand, pri\u010dom po 5 sekund\u00e1ch sa zobraz\u00ed funk\u010dn\u00fd odkaz &#8222;Presko\u010di\u0165 reklamu&#8220; s odpo\u010dtom. Reklamn\u00fd spot je vo form\u00e1te 16:9, [&hellip;]<\/p>\n","protected":false},"author":2,"featured_media":0,"parent":3332,"menu_order":0,"comment_status":"closed","ping_status":"closed","template":"","meta":{"footnotes":""},"class_list":["post-3384","page","type-page","status-publish","hentry"],"yoast_head":"<!-- This site is optimized with the Yoast SEO plugin v25.8 - https:\/\/yoast.com\/wordpress\/plugins\/seo\/ -->\n<title>Pre-roll spot - Digit\u00e1lny obchodn\u00edk<\/title>\n<meta name=\"robots\" content=\"index, follow, max-snippet:-1, max-image-preview:large, max-video-preview:-1\" \/>\n<link rel=\"canonical\" href=\"https:\/\/digitalnyobchodnik.sk\/start\/web-videoreklama\/pre-roll-spot\/\" \/>\n<meta property=\"og:locale\" content=\"sk_SK\" \/>\n<meta property=\"og:type\" content=\"article\" \/>\n<meta property=\"og:title\" content=\"Pre-roll spot - Digit\u00e1lny obchodn\u00edk\" \/>\n<meta property=\"og:description\" content=\"Pre-roll spot Va\u0161a reklama, prv\u00e1 vec, ktor\u00fa div\u00e1k uvid\u00ed \u2013 vyu\u017eite silu prv\u00e9ho dojmu! Pre-roll spot sa zobrazuje pred prehr\u00e1van\u00edm videa. Pred videom m\u00f4\u017eu by\u0165 zobrazen\u00e9 maxim\u00e1lne dva reklamn\u00e9 spoty. Odpor\u00fa\u010dan\u00e1 d\u013a\u017eka spotu je do 30 sek\u00fand, pri\u010dom po 5 sekund\u00e1ch sa zobraz\u00ed funk\u010dn\u00fd odkaz &#8222;Presko\u010di\u0165 reklamu&#8220; s odpo\u010dtom. Reklamn\u00fd spot je vo form\u00e1te 16:9, [&hellip;]\" \/>\n<meta property=\"og:url\" content=\"https:\/\/digitalnyobchodnik.sk\/start\/web-videoreklama\/pre-roll-spot\/\" \/>\n<meta property=\"og:site_name\" content=\"Digit\u00e1lny obchodn\u00edk\" \/>\n<meta property=\"article:modified_time\" content=\"2025-06-20T08:41:04+00:00\" \/>\n<meta name=\"twitter:card\" content=\"summary_large_image\" \/>\n<meta name=\"twitter:label1\" content=\"Predpokladan\u00fd \u010das \u010d\u00edtania\" \/>\n\t<meta name=\"twitter:data1\" content=\"1 min\u00fata\" \/>\n<script type=\"application\/ld+json\" class=\"yoast-schema-graph\">{\"@context\":\"https:\/\/schema.org\",\"@graph\":[{\"@type\":\"WebPage\",\"@id\":\"https:\/\/digitalnyobchodnik.sk\/start\/web-videoreklama\/pre-roll-spot\/\",\"url\":\"https:\/\/digitalnyobchodnik.sk\/start\/web-videoreklama\/pre-roll-spot\/\",\"name\":\"Pre-roll spot - Digit\u00e1lny obchodn\u00edk\",\"isPartOf\":{\"@id\":\"https:\/\/digitalnyobchodnik.sk\/start\/#website\"},\"datePublished\":\"2024-12-19T09:15:04+00:00\",\"dateModified\":\"2025-06-20T08:41:04+00:00\",\"breadcrumb\":{\"@id\":\"https:\/\/digitalnyobchodnik.sk\/start\/web-videoreklama\/pre-roll-spot\/#breadcrumb\"},\"inLanguage\":\"sk-SK\",\"potentialAction\":[{\"@type\":\"ReadAction\",\"target\":[\"https:\/\/digitalnyobchodnik.sk\/start\/web-videoreklama\/pre-roll-spot\/\"]}]},{\"@type\":\"BreadcrumbList\",\"@id\":\"https:\/\/digitalnyobchodnik.sk\/start\/web-videoreklama\/pre-roll-spot\/#breadcrumb\",\"itemListElement\":[{\"@type\":\"ListItem\",\"position\":1,\"name\":\"Hlavn\u00e1 str\u00e1nka\",\"item\":\"https:\/\/www.digitalnyobchodnik.sk\/start\/\"},{\"@type\":\"ListItem\",\"position\":2,\"name\":\"Web Videoreklama\",\"item\":\"https:\/\/digitalnyobchodnik.sk\/start\/web-videoreklama\/\"},{\"@type\":\"ListItem\",\"position\":3,\"name\":\"Pre-roll spot\"}]},{\"@type\":\"WebSite\",\"@id\":\"https:\/\/digitalnyobchodnik.sk\/start\/#website\",\"url\":\"https:\/\/digitalnyobchodnik.sk\/start\/\",\"name\":\"Digit\u00e1lny obchodn\u00edk\",\"description\":\"\",\"publisher\":{\"@id\":\"https:\/\/digitalnyobchodnik.sk\/start\/#organization\"},\"potentialAction\":[{\"@type\":\"SearchAction\",\"target\":{\"@type\":\"EntryPoint\",\"urlTemplate\":\"https:\/\/digitalnyobchodnik.sk\/start\/?s={search_term_string}\"},\"query-input\":{\"@type\":\"PropertyValueSpecification\",\"valueRequired\":true,\"valueName\":\"search_term_string\"}}],\"inLanguage\":\"sk-SK\"},{\"@type\":\"Organization\",\"@id\":\"https:\/\/digitalnyobchodnik.sk\/start\/#organization\",\"name\":\"Digit\u00e1lny obchodn\u00edk\",\"url\":\"https:\/\/digitalnyobchodnik.sk\/start\/\",\"logo\":{\"@type\":\"ImageObject\",\"inLanguage\":\"sk-SK\",\"@id\":\"https:\/\/digitalnyobchodnik.sk\/start\/#\/schema\/logo\/image\/\",\"url\":\"https:\/\/digitalnyobchodnik.sk\/start\/wp-content\/uploads\/2024\/11\/test-digiobcho-icon-header-logo.png\",\"contentUrl\":\"https:\/\/digitalnyobchodnik.sk\/start\/wp-content\/uploads\/2024\/11\/test-digiobcho-icon-header-logo.png\",\"width\":160,\"height\":33,\"caption\":\"Digit\u00e1lny obchodn\u00edk\"},\"image\":{\"@id\":\"https:\/\/digitalnyobchodnik.sk\/start\/#\/schema\/logo\/image\/\"}}]}<\/script>\n<!-- \/ Yoast SEO plugin. -->","yoast_head_json":{"title":"Pre-roll spot - Digit\u00e1lny obchodn\u00edk","robots":{"index":"index","follow":"follow","max-snippet":"max-snippet:-1","max-image-preview":"max-image-preview:large","max-video-preview":"max-video-preview:-1"},"canonical":"https:\/\/digitalnyobchodnik.sk\/start\/web-videoreklama\/pre-roll-spot\/","og_locale":"sk_SK","og_type":"article","og_title":"Pre-roll spot - Digit\u00e1lny obchodn\u00edk","og_description":"Pre-roll spot Va\u0161a reklama, prv\u00e1 vec, ktor\u00fa div\u00e1k uvid\u00ed \u2013 vyu\u017eite silu prv\u00e9ho dojmu! Pre-roll spot sa zobrazuje pred prehr\u00e1van\u00edm videa. Pred videom m\u00f4\u017eu by\u0165 zobrazen\u00e9 maxim\u00e1lne dva reklamn\u00e9 spoty. Odpor\u00fa\u010dan\u00e1 d\u013a\u017eka spotu je do 30 sek\u00fand, pri\u010dom po 5 sekund\u00e1ch sa zobraz\u00ed funk\u010dn\u00fd odkaz &#8222;Presko\u010di\u0165 reklamu&#8220; s odpo\u010dtom. Reklamn\u00fd spot je vo form\u00e1te 16:9, [&hellip;]","og_url":"https:\/\/digitalnyobchodnik.sk\/start\/web-videoreklama\/pre-roll-spot\/","og_site_name":"Digit\u00e1lny obchodn\u00edk","article_modified_time":"2025-06-20T08:41:04+00:00","twitter_card":"summary_large_image","twitter_misc":{"Predpokladan\u00fd \u010das \u010d\u00edtania":"1 min\u00fata"},"schema":{"@context":"https:\/\/schema.org","@graph":[{"@type":"WebPage","@id":"https:\/\/digitalnyobchodnik.sk\/start\/web-videoreklama\/pre-roll-spot\/","url":"https:\/\/digitalnyobchodnik.sk\/start\/web-videoreklama\/pre-roll-spot\/","name":"Pre-roll spot - Digit\u00e1lny obchodn\u00edk","isPartOf":{"@id":"https:\/\/digitalnyobchodnik.sk\/start\/#website"},"datePublished":"2024-12-19T09:15:04+00:00","dateModified":"2025-06-20T08:41:04+00:00","breadcrumb":{"@id":"https:\/\/digitalnyobchodnik.sk\/start\/web-videoreklama\/pre-roll-spot\/#breadcrumb"},"inLanguage":"sk-SK","potentialAction":[{"@type":"ReadAction","target":["https:\/\/digitalnyobchodnik.sk\/start\/web-videoreklama\/pre-roll-spot\/"]}]},{"@type":"BreadcrumbList","@id":"https:\/\/digitalnyobchodnik.sk\/start\/web-videoreklama\/pre-roll-spot\/#breadcrumb","itemListElement":[{"@type":"ListItem","position":1,"name":"Hlavn\u00e1 str\u00e1nka","item":"https:\/\/www.digitalnyobchodnik.sk\/start\/"},{"@type":"ListItem","position":2,"name":"Web Videoreklama","item":"https:\/\/digitalnyobchodnik.sk\/start\/web-videoreklama\/"},{"@type":"ListItem","position":3,"name":"Pre-roll spot"}]},{"@type":"WebSite","@id":"https:\/\/digitalnyobchodnik.sk\/start\/#website","url":"https:\/\/digitalnyobchodnik.sk\/start\/","name":"Digit\u00e1lny obchodn\u00edk","description":"","publisher":{"@id":"https:\/\/digitalnyobchodnik.sk\/start\/#organization"},"potentialAction":[{"@type":"SearchAction","target":{"@type":"EntryPoint","urlTemplate":"https:\/\/digitalnyobchodnik.sk\/start\/?s={search_term_string}"},"query-input":{"@type":"PropertyValueSpecification","valueRequired":true,"valueName":"search_term_string"}}],"inLanguage":"sk-SK"},{"@type":"Organization","@id":"https:\/\/digitalnyobchodnik.sk\/start\/#organization","name":"Digit\u00e1lny obchodn\u00edk","url":"https:\/\/digitalnyobchodnik.sk\/start\/","logo":{"@type":"ImageObject","inLanguage":"sk-SK","@id":"https:\/\/digitalnyobchodnik.sk\/start\/#\/schema\/logo\/image\/","url":"https:\/\/digitalnyobchodnik.sk\/start\/wp-content\/uploads\/2024\/11\/test-digiobcho-icon-header-logo.png","contentUrl":"https:\/\/digitalnyobchodnik.sk\/start\/wp-content\/uploads\/2024\/11\/test-digiobcho-icon-header-logo.png","width":160,"height":33,"caption":"Digit\u00e1lny obchodn\u00edk"},"image":{"@id":"https:\/\/digitalnyobchodnik.sk\/start\/#\/schema\/logo\/image\/"}}]}},"_links":{"self":[{"href":"https:\/\/digitalnyobchodnik.sk\/start\/wp-json\/wp\/v2\/pages\/3384","targetHints":{"allow":["GET"]}}],"collection":[{"href":"https:\/\/digitalnyobchodnik.sk\/start\/wp-json\/wp\/v2\/pages"}],"about":[{"href":"https:\/\/digitalnyobchodnik.sk\/start\/wp-json\/wp\/v2\/types\/page"}],"author":[{"embeddable":true,"href":"https:\/\/digitalnyobchodnik.sk\/start\/wp-json\/wp\/v2\/users\/2"}],"replies":[{"embeddable":true,"href":"https:\/\/digitalnyobchodnik.sk\/start\/wp-json\/wp\/v2\/comments?post=3384"}],"version-history":[{"count":6,"href":"https:\/\/digitalnyobchodnik.sk\/start\/wp-json\/wp\/v2\/pages\/3384\/revisions"}],"predecessor-version":[{"id":4143,"href":"https:\/\/digitalnyobchodnik.sk\/start\/wp-json\/wp\/v2\/pages\/3384\/revisions\/4143"}],"up":[{"embeddable":true,"href":"https:\/\/digitalnyobchodnik.sk\/start\/wp-json\/wp\/v2\/pages\/3332"}],"wp:attachment":[{"href":"https:\/\/digitalnyobchodnik.sk\/start\/wp-json\/wp\/v2\/media?parent=3384"}],"curies":[{"name":"wp","href":"https:\/\/api.w.org\/{rel}","templated":true}]}}