{"id":3389,"date":"2024-12-19T10:15:50","date_gmt":"2024-12-19T09:15:50","guid":{"rendered":"https:\/\/www.digitalnyobchodnik.sk\/start\/?page_id=3389"},"modified":"2025-06-20T10:41:10","modified_gmt":"2025-06-20T08:41:10","slug":"mid-roll-spot","status":"publish","type":"page","link":"https:\/\/digitalnyobchodnik.sk\/start\/web-videoreklama\/mid-roll-spot\/","title":{"rendered":"Mid-roll spot"},"content":{"rendered":"\t\t<div data-elementor-type=\"wp-page\" data-elementor-id=\"3389\" class=\"elementor elementor-3389\" data-elementor-post-type=\"page\">\n\t\t\t\t<div class=\"elementor-element elementor-element-74287cb e-flex e-con-boxed e-con e-parent\" data-id=\"74287cb\" data-element_type=\"container\">\n\t\t\t\t\t<div class=\"e-con-inner\">\n\t\t<div class=\"elementor-element elementor-element-978a5a6 e-con-full e-flex e-con e-child\" data-id=\"978a5a6\" data-element_type=\"container\">\n\t\t\t\t<div class=\"elementor-element elementor-element-0545097 elementor-align-center elementor-widget elementor-widget-breadcrumbs\" data-id=\"0545097\" data-element_type=\"widget\" data-widget_type=\"breadcrumbs.default\">\n\t\t\t\t<div class=\"elementor-widget-container\">\n\t\t\t\t\t<span id=\"breadcrumbs\"><span><span><a href=\"https:\/\/www.digitalnyobchodnik.sk\/start\/\">Hlavn\u00e1 str\u00e1nka<\/a><\/span><\/span><\/span>\t\t\t\t<\/div>\n\t\t\t\t<\/div>\n\t\t\t\t<div class=\"elementor-element elementor-element-3322a94 elementor-widget elementor-widget-text-editor\" data-id=\"3322a94\" data-element_type=\"widget\" data-widget_type=\"text-editor.default\">\n\t\t\t\t<div class=\"elementor-widget-container\">\n\t\t\t\t\t\t\t\t\t<p>Mid-roll spot<\/p>\t\t\t\t\t\t\t\t<\/div>\n\t\t\t\t<\/div>\n\t\t\t\t<div class=\"elementor-element elementor-element-cae0eff elementor-widget elementor-widget-text-editor\" data-id=\"cae0eff\" data-element_type=\"widget\" data-widget_type=\"text-editor.default\">\n\t\t\t\t<div class=\"elementor-widget-container\">\n\t\t\t\t\t\t\t\t\t<p>Sta\u0148te sa s\u00fa\u010das\u0165ou sledovan\u00e9ho obsahu a vyu\u017eite priestor, ke\u010f m\u00e1 div\u00e1k pln\u00fa pozornos\u0165.<\/p>\t\t\t\t\t\t\t\t<\/div>\n\t\t\t\t<\/div>\n\t\t\t\t<div class=\"elementor-element elementor-element-a010446 elementor-widget elementor-widget-text-editor\" data-id=\"a010446\" data-element_type=\"widget\" data-widget_type=\"text-editor.default\">\n\t\t\t\t<div class=\"elementor-widget-container\">\n\t\t\t\t\t\t\t\t\t<p>Mid-roll spot sa prehr\u00e1va po\u010das videa. Po\u010det rekl\u00e1m z\u00e1vis\u00ed od d\u013a\u017eky prehr\u00e1van\u00e9ho obsahu, pri\u010dom ka\u017ed\u00e1 reklama m\u00f4\u017ee trva\u0165 maxim\u00e1lne <strong>30<\/strong> sek\u00fand. Po 5 sekund\u00e1ch sa div\u00e1kovi zobraz\u00ed mo\u017enos\u0165 presko\u010di\u0165 reklamu. Form\u00e1t je rovnak\u00fd ako pri pre-roll spote \u2013 pomer str\u00e1n <strong>16:9<\/strong> a optim\u00e1lne technick\u00e9 parametre pre plynul\u00e9 prehr\u00e1vanie &#8211; maxim\u00e1lny video bitrate <strong>640 <\/strong>Kbit\/s, a\u00a0audio stopa mono.<\/p>\t\t\t\t\t\t\t\t<\/div>\n\t\t\t\t<\/div>\n\t\t\t\t<div class=\"elementor-element elementor-element-14919e2 elementor-align-center elementor-widget__width-inherit elementor-mobile-align-center elementor-widget elementor-widget-button\" data-id=\"14919e2\" data-element_type=\"widget\" data-widget_type=\"button.default\">\n\t\t\t\t<div class=\"elementor-widget-container\">\n\t\t\t\t\t\t\t\t\t<div class=\"elementor-button-wrapper\">\n\t\t\t\t\t<a class=\"elementor-button elementor-button-link elementor-size-sm\" href=\"https:\/\/digitalnyobchodnik.sk\/kalkulacka.php\" target=\"_blank\">\n\t\t\t\t\t\t<span class=\"elementor-button-content-wrapper\">\n\t\t\t\t\t\t\t\t\t<span class=\"elementor-button-text\">vypo\u010d\u00edta\u0165 cenu -&gt;<\/span>\n\t\t\t\t\t<\/span>\n\t\t\t\t\t<\/a>\n\t\t\t\t<\/div>\n\t\t\t\t\t\t\t\t<\/div>\n\t\t\t\t<\/div>\n\t\t\t\t<\/div>\n\t\t\t\t\t<\/div>\n\t\t\t\t<\/div>\n\t\t\t\t<\/div>\n\t\t","protected":false},"excerpt":{"rendered":"<p>Mid-roll spot Sta\u0148te sa s\u00fa\u010das\u0165ou sledovan\u00e9ho obsahu a vyu\u017eite priestor, ke\u010f m\u00e1 div\u00e1k pln\u00fa pozornos\u0165. Mid-roll spot sa prehr\u00e1va po\u010das videa. Po\u010det rekl\u00e1m z\u00e1vis\u00ed od d\u013a\u017eky prehr\u00e1van\u00e9ho obsahu, pri\u010dom ka\u017ed\u00e1 reklama m\u00f4\u017ee trva\u0165 maxim\u00e1lne 30 sek\u00fand. Po 5 sekund\u00e1ch sa div\u00e1kovi zobraz\u00ed mo\u017enos\u0165 presko\u010di\u0165 reklamu. Form\u00e1t je rovnak\u00fd ako pri pre-roll spote \u2013 pomer str\u00e1n [&hellip;]<\/p>\n","protected":false},"author":2,"featured_media":0,"parent":3332,"menu_order":0,"comment_status":"closed","ping_status":"closed","template":"","meta":{"footnotes":""},"class_list":["post-3389","page","type-page","status-publish","hentry"],"yoast_head":"<!-- This site is optimized with the Yoast SEO plugin v25.8 - https:\/\/yoast.com\/wordpress\/plugins\/seo\/ -->\n<title>Mid-roll spot - Digit\u00e1lny obchodn\u00edk<\/title>\n<meta name=\"robots\" content=\"index, follow, max-snippet:-1, max-image-preview:large, max-video-preview:-1\" \/>\n<link rel=\"canonical\" href=\"https:\/\/digitalnyobchodnik.sk\/start\/web-videoreklama\/mid-roll-spot\/\" \/>\n<meta property=\"og:locale\" content=\"sk_SK\" \/>\n<meta property=\"og:type\" content=\"article\" \/>\n<meta property=\"og:title\" content=\"Mid-roll spot - Digit\u00e1lny obchodn\u00edk\" \/>\n<meta property=\"og:description\" content=\"Mid-roll spot Sta\u0148te sa s\u00fa\u010das\u0165ou sledovan\u00e9ho obsahu a vyu\u017eite priestor, ke\u010f m\u00e1 div\u00e1k pln\u00fa pozornos\u0165. Mid-roll spot sa prehr\u00e1va po\u010das videa. Po\u010det rekl\u00e1m z\u00e1vis\u00ed od d\u013a\u017eky prehr\u00e1van\u00e9ho obsahu, pri\u010dom ka\u017ed\u00e1 reklama m\u00f4\u017ee trva\u0165 maxim\u00e1lne 30 sek\u00fand. Po 5 sekund\u00e1ch sa div\u00e1kovi zobraz\u00ed mo\u017enos\u0165 presko\u010di\u0165 reklamu. Form\u00e1t je rovnak\u00fd ako pri pre-roll spote \u2013 pomer str\u00e1n [&hellip;]\" \/>\n<meta property=\"og:url\" content=\"https:\/\/digitalnyobchodnik.sk\/start\/web-videoreklama\/mid-roll-spot\/\" \/>\n<meta property=\"og:site_name\" content=\"Digit\u00e1lny obchodn\u00edk\" \/>\n<meta property=\"article:modified_time\" content=\"2025-06-20T08:41:10+00:00\" \/>\n<meta name=\"twitter:card\" content=\"summary_large_image\" \/>\n<meta name=\"twitter:label1\" content=\"Predpokladan\u00fd \u010das \u010d\u00edtania\" \/>\n\t<meta name=\"twitter:data1\" content=\"1 min\u00fata\" \/>\n<script type=\"application\/ld+json\" class=\"yoast-schema-graph\">{\"@context\":\"https:\/\/schema.org\",\"@graph\":[{\"@type\":\"WebPage\",\"@id\":\"https:\/\/digitalnyobchodnik.sk\/start\/web-videoreklama\/mid-roll-spot\/\",\"url\":\"https:\/\/digitalnyobchodnik.sk\/start\/web-videoreklama\/mid-roll-spot\/\",\"name\":\"Mid-roll spot - Digit\u00e1lny obchodn\u00edk\",\"isPartOf\":{\"@id\":\"https:\/\/digitalnyobchodnik.sk\/start\/#website\"},\"datePublished\":\"2024-12-19T09:15:50+00:00\",\"dateModified\":\"2025-06-20T08:41:10+00:00\",\"breadcrumb\":{\"@id\":\"https:\/\/digitalnyobchodnik.sk\/start\/web-videoreklama\/mid-roll-spot\/#breadcrumb\"},\"inLanguage\":\"sk-SK\",\"potentialAction\":[{\"@type\":\"ReadAction\",\"target\":[\"https:\/\/digitalnyobchodnik.sk\/start\/web-videoreklama\/mid-roll-spot\/\"]}]},{\"@type\":\"BreadcrumbList\",\"@id\":\"https:\/\/digitalnyobchodnik.sk\/start\/web-videoreklama\/mid-roll-spot\/#breadcrumb\",\"itemListElement\":[{\"@type\":\"ListItem\",\"position\":1,\"name\":\"Hlavn\u00e1 str\u00e1nka\",\"item\":\"https:\/\/www.digitalnyobchodnik.sk\/start\/\"},{\"@type\":\"ListItem\",\"position\":2,\"name\":\"Web Videoreklama\",\"item\":\"https:\/\/digitalnyobchodnik.sk\/start\/web-videoreklama\/\"},{\"@type\":\"ListItem\",\"position\":3,\"name\":\"Mid-roll spot\"}]},{\"@type\":\"WebSite\",\"@id\":\"https:\/\/digitalnyobchodnik.sk\/start\/#website\",\"url\":\"https:\/\/digitalnyobchodnik.sk\/start\/\",\"name\":\"Digit\u00e1lny obchodn\u00edk\",\"description\":\"\",\"publisher\":{\"@id\":\"https:\/\/digitalnyobchodnik.sk\/start\/#organization\"},\"potentialAction\":[{\"@type\":\"SearchAction\",\"target\":{\"@type\":\"EntryPoint\",\"urlTemplate\":\"https:\/\/digitalnyobchodnik.sk\/start\/?s={search_term_string}\"},\"query-input\":{\"@type\":\"PropertyValueSpecification\",\"valueRequired\":true,\"valueName\":\"search_term_string\"}}],\"inLanguage\":\"sk-SK\"},{\"@type\":\"Organization\",\"@id\":\"https:\/\/digitalnyobchodnik.sk\/start\/#organization\",\"name\":\"Digit\u00e1lny obchodn\u00edk\",\"url\":\"https:\/\/digitalnyobchodnik.sk\/start\/\",\"logo\":{\"@type\":\"ImageObject\",\"inLanguage\":\"sk-SK\",\"@id\":\"https:\/\/digitalnyobchodnik.sk\/start\/#\/schema\/logo\/image\/\",\"url\":\"https:\/\/digitalnyobchodnik.sk\/start\/wp-content\/uploads\/2024\/11\/test-digiobcho-icon-header-logo.png\",\"contentUrl\":\"https:\/\/digitalnyobchodnik.sk\/start\/wp-content\/uploads\/2024\/11\/test-digiobcho-icon-header-logo.png\",\"width\":160,\"height\":33,\"caption\":\"Digit\u00e1lny obchodn\u00edk\"},\"image\":{\"@id\":\"https:\/\/digitalnyobchodnik.sk\/start\/#\/schema\/logo\/image\/\"}}]}<\/script>\n<!-- \/ Yoast SEO plugin. -->","yoast_head_json":{"title":"Mid-roll spot - Digit\u00e1lny obchodn\u00edk","robots":{"index":"index","follow":"follow","max-snippet":"max-snippet:-1","max-image-preview":"max-image-preview:large","max-video-preview":"max-video-preview:-1"},"canonical":"https:\/\/digitalnyobchodnik.sk\/start\/web-videoreklama\/mid-roll-spot\/","og_locale":"sk_SK","og_type":"article","og_title":"Mid-roll spot - Digit\u00e1lny obchodn\u00edk","og_description":"Mid-roll spot Sta\u0148te sa s\u00fa\u010das\u0165ou sledovan\u00e9ho obsahu a vyu\u017eite priestor, ke\u010f m\u00e1 div\u00e1k pln\u00fa pozornos\u0165. Mid-roll spot sa prehr\u00e1va po\u010das videa. Po\u010det rekl\u00e1m z\u00e1vis\u00ed od d\u013a\u017eky prehr\u00e1van\u00e9ho obsahu, pri\u010dom ka\u017ed\u00e1 reklama m\u00f4\u017ee trva\u0165 maxim\u00e1lne 30 sek\u00fand. Po 5 sekund\u00e1ch sa div\u00e1kovi zobraz\u00ed mo\u017enos\u0165 presko\u010di\u0165 reklamu. Form\u00e1t je rovnak\u00fd ako pri pre-roll spote \u2013 pomer str\u00e1n [&hellip;]","og_url":"https:\/\/digitalnyobchodnik.sk\/start\/web-videoreklama\/mid-roll-spot\/","og_site_name":"Digit\u00e1lny obchodn\u00edk","article_modified_time":"2025-06-20T08:41:10+00:00","twitter_card":"summary_large_image","twitter_misc":{"Predpokladan\u00fd \u010das \u010d\u00edtania":"1 min\u00fata"},"schema":{"@context":"https:\/\/schema.org","@graph":[{"@type":"WebPage","@id":"https:\/\/digitalnyobchodnik.sk\/start\/web-videoreklama\/mid-roll-spot\/","url":"https:\/\/digitalnyobchodnik.sk\/start\/web-videoreklama\/mid-roll-spot\/","name":"Mid-roll spot - Digit\u00e1lny obchodn\u00edk","isPartOf":{"@id":"https:\/\/digitalnyobchodnik.sk\/start\/#website"},"datePublished":"2024-12-19T09:15:50+00:00","dateModified":"2025-06-20T08:41:10+00:00","breadcrumb":{"@id":"https:\/\/digitalnyobchodnik.sk\/start\/web-videoreklama\/mid-roll-spot\/#breadcrumb"},"inLanguage":"sk-SK","potentialAction":[{"@type":"ReadAction","target":["https:\/\/digitalnyobchodnik.sk\/start\/web-videoreklama\/mid-roll-spot\/"]}]},{"@type":"BreadcrumbList","@id":"https:\/\/digitalnyobchodnik.sk\/start\/web-videoreklama\/mid-roll-spot\/#breadcrumb","itemListElement":[{"@type":"ListItem","position":1,"name":"Hlavn\u00e1 str\u00e1nka","item":"https:\/\/www.digitalnyobchodnik.sk\/start\/"},{"@type":"ListItem","position":2,"name":"Web Videoreklama","item":"https:\/\/digitalnyobchodnik.sk\/start\/web-videoreklama\/"},{"@type":"ListItem","position":3,"name":"Mid-roll spot"}]},{"@type":"WebSite","@id":"https:\/\/digitalnyobchodnik.sk\/start\/#website","url":"https:\/\/digitalnyobchodnik.sk\/start\/","name":"Digit\u00e1lny obchodn\u00edk","description":"","publisher":{"@id":"https:\/\/digitalnyobchodnik.sk\/start\/#organization"},"potentialAction":[{"@type":"SearchAction","target":{"@type":"EntryPoint","urlTemplate":"https:\/\/digitalnyobchodnik.sk\/start\/?s={search_term_string}"},"query-input":{"@type":"PropertyValueSpecification","valueRequired":true,"valueName":"search_term_string"}}],"inLanguage":"sk-SK"},{"@type":"Organization","@id":"https:\/\/digitalnyobchodnik.sk\/start\/#organization","name":"Digit\u00e1lny obchodn\u00edk","url":"https:\/\/digitalnyobchodnik.sk\/start\/","logo":{"@type":"ImageObject","inLanguage":"sk-SK","@id":"https:\/\/digitalnyobchodnik.sk\/start\/#\/schema\/logo\/image\/","url":"https:\/\/digitalnyobchodnik.sk\/start\/wp-content\/uploads\/2024\/11\/test-digiobcho-icon-header-logo.png","contentUrl":"https:\/\/digitalnyobchodnik.sk\/start\/wp-content\/uploads\/2024\/11\/test-digiobcho-icon-header-logo.png","width":160,"height":33,"caption":"Digit\u00e1lny obchodn\u00edk"},"image":{"@id":"https:\/\/digitalnyobchodnik.sk\/start\/#\/schema\/logo\/image\/"}}]}},"_links":{"self":[{"href":"https:\/\/digitalnyobchodnik.sk\/start\/wp-json\/wp\/v2\/pages\/3389","targetHints":{"allow":["GET"]}}],"collection":[{"href":"https:\/\/digitalnyobchodnik.sk\/start\/wp-json\/wp\/v2\/pages"}],"about":[{"href":"https:\/\/digitalnyobchodnik.sk\/start\/wp-json\/wp\/v2\/types\/page"}],"author":[{"embeddable":true,"href":"https:\/\/digitalnyobchodnik.sk\/start\/wp-json\/wp\/v2\/users\/2"}],"replies":[{"embeddable":true,"href":"https:\/\/digitalnyobchodnik.sk\/start\/wp-json\/wp\/v2\/comments?post=3389"}],"version-history":[{"count":6,"href":"https:\/\/digitalnyobchodnik.sk\/start\/wp-json\/wp\/v2\/pages\/3389\/revisions"}],"predecessor-version":[{"id":4146,"href":"https:\/\/digitalnyobchodnik.sk\/start\/wp-json\/wp\/v2\/pages\/3389\/revisions\/4146"}],"up":[{"embeddable":true,"href":"https:\/\/digitalnyobchodnik.sk\/start\/wp-json\/wp\/v2\/pages\/3332"}],"wp:attachment":[{"href":"https:\/\/digitalnyobchodnik.sk\/start\/wp-json\/wp\/v2\/media?parent=3389"}],"curies":[{"name":"wp","href":"https:\/\/api.w.org\/{rel}","templated":true}]}}