{"id":3390,"date":"2024-12-19T10:16:25","date_gmt":"2024-12-19T09:16:25","guid":{"rendered":"https:\/\/www.digitalnyobchodnik.sk\/start\/?page_id=3390"},"modified":"2025-06-20T10:41:16","modified_gmt":"2025-06-20T08:41:16","slug":"videoreklama-v-clankoch","status":"publish","type":"page","link":"https:\/\/digitalnyobchodnik.sk\/start\/web-videoreklama\/videoreklama-v-clankoch\/","title":{"rendered":"Videoreklama v \u010dl\u00e1nkoch"},"content":{"rendered":"\t\t<div data-elementor-type=\"wp-page\" data-elementor-id=\"3390\" class=\"elementor elementor-3390\" data-elementor-post-type=\"page\">\n\t\t\t\t<div class=\"elementor-element elementor-element-74287cb e-flex e-con-boxed e-con e-parent\" data-id=\"74287cb\" data-element_type=\"container\">\n\t\t\t\t\t<div class=\"e-con-inner\">\n\t\t<div class=\"elementor-element elementor-element-978a5a6 e-con-full e-flex e-con e-child\" data-id=\"978a5a6\" data-element_type=\"container\">\n\t\t\t\t<div class=\"elementor-element elementor-element-0545097 elementor-align-center elementor-widget elementor-widget-breadcrumbs\" data-id=\"0545097\" data-element_type=\"widget\" data-widget_type=\"breadcrumbs.default\">\n\t\t\t\t<div class=\"elementor-widget-container\">\n\t\t\t\t\t<span id=\"breadcrumbs\"><span><span><a href=\"https:\/\/www.digitalnyobchodnik.sk\/start\/\">Hlavn\u00e1 str\u00e1nka<\/a><\/span><\/span><\/span>\t\t\t\t<\/div>\n\t\t\t\t<\/div>\n\t\t\t\t<div class=\"elementor-element elementor-element-3322a94 elementor-widget elementor-widget-text-editor\" data-id=\"3322a94\" data-element_type=\"widget\" data-widget_type=\"text-editor.default\">\n\t\t\t\t<div class=\"elementor-widget-container\">\n\t\t\t\t\t\t\t\t\tVideoreklama v \u010dl\u00e1nkoch\t\t\t\t\t\t\t\t<\/div>\n\t\t\t\t<\/div>\n\t\t\t\t<div class=\"elementor-element elementor-element-cae0eff elementor-widget elementor-widget-text-editor\" data-id=\"cae0eff\" data-element_type=\"widget\" data-widget_type=\"text-editor.default\">\n\t\t\t\t<div class=\"elementor-widget-container\">\n\t\t\t\t\t\t\t\t\tVa\u0161e video sa st\u00e1va s\u00fa\u010das\u0165ou obsahu \u2013 zauja\u0165 e\u0161te nikdy nebolo jednoduch\u0161ie!\t\t\t\t\t\t\t\t<\/div>\n\t\t\t\t<\/div>\n\t\t\t\t<div class=\"elementor-element elementor-element-a010446 elementor-widget elementor-widget-text-editor\" data-id=\"a010446\" data-element_type=\"widget\" data-widget_type=\"text-editor.default\">\n\t\t\t\t<div class=\"elementor-widget-container\">\n\t\t\t\t\t\t\t\t\t<p>Video reklama sa prehr\u00e1va automaticky v \u010dl\u00e1nku, \u010d\u00edm zachyt\u00e1va pozornos\u0165 pou\u017e\u00edvate\u013ea. Zvuk sa zapne len po kliknut\u00ed, aby neru\u0161il z\u00e1\u017eitok. Tento form\u00e1t podporuje vidite\u013enos\u0165, preto\u017ee video sa spust\u00ed a\u017e ke\u010f sa \u010ditate\u013eovi zobraz\u00ed na cel\u00fa str\u00e1nku a\u00a0ke\u010f pokra\u010duje v\u00a0scrollovan\u00ed, reklama sa zastav\u00ed, a ak pou\u017e\u00edvate\u013e <strong>scrolluje<\/strong> nasp\u00e4\u0165, video za\u010dne pokra\u010dova\u0165 v prehr\u00e1van\u00ed. Klient m\u00f4\u017ee prida\u0165 vlastn\u00fd <strong>merac\u00ed pixel<\/strong> a z\u00edska\u0165 preh\u013ead o v\u00fdkonnosti kampane. Video form\u00e1t je rovnako nastaven\u00fd na pomer <strong>16:9<\/strong> pre najlep\u0161iu kvalitu zobrazenia.<\/p>\t\t\t\t\t\t\t\t<\/div>\n\t\t\t\t<\/div>\n\t\t\t\t<div class=\"elementor-element elementor-element-ca0eb2b elementor-align-center elementor-widget__width-inherit elementor-mobile-align-center elementor-widget elementor-widget-button\" data-id=\"ca0eb2b\" data-element_type=\"widget\" data-widget_type=\"button.default\">\n\t\t\t\t<div class=\"elementor-widget-container\">\n\t\t\t\t\t\t\t\t\t<div class=\"elementor-button-wrapper\">\n\t\t\t\t\t<a class=\"elementor-button elementor-button-link elementor-size-sm\" href=\"https:\/\/digitalnyobchodnik.sk\/kalkulacka.php\" target=\"_blank\">\n\t\t\t\t\t\t<span class=\"elementor-button-content-wrapper\">\n\t\t\t\t\t\t\t\t\t<span class=\"elementor-button-text\">vypo\u010d\u00edta\u0165 cenu -&gt;<\/span>\n\t\t\t\t\t<\/span>\n\t\t\t\t\t<\/a>\n\t\t\t\t<\/div>\n\t\t\t\t\t\t\t\t<\/div>\n\t\t\t\t<\/div>\n\t\t\t\t<\/div>\n\t\t\t\t\t<\/div>\n\t\t\t\t<\/div>\n\t\t\t\t<\/div>\n\t\t","protected":false},"excerpt":{"rendered":"<p>Videoreklama v \u010dl\u00e1nkochVa\u0161e video sa st\u00e1va s\u00fa\u010das\u0165ou obsahu \u2013 zauja\u0165 e\u0161te nikdy nebolo jednoduch\u0161ie! Video reklama sa prehr\u00e1va automaticky v \u010dl\u00e1nku, \u010d\u00edm zachyt\u00e1va pozornos\u0165 pou\u017e\u00edvate\u013ea. Zvuk sa zapne len po kliknut\u00ed, aby neru\u0161il z\u00e1\u017eitok. Tento form\u00e1t podporuje vidite\u013enos\u0165, preto\u017ee video sa spust\u00ed a\u017e ke\u010f sa \u010ditate\u013eovi zobraz\u00ed na cel\u00fa str\u00e1nku a\u00a0ke\u010f pokra\u010duje v\u00a0scrollovan\u00ed, reklama sa [&hellip;]<\/p>\n","protected":false},"author":2,"featured_media":0,"parent":3332,"menu_order":0,"comment_status":"closed","ping_status":"closed","template":"","meta":{"footnotes":""},"class_list":["post-3390","page","type-page","status-publish","hentry"],"yoast_head":"<!-- This site is optimized with the Yoast SEO plugin v25.8 - https:\/\/yoast.com\/wordpress\/plugins\/seo\/ -->\n<title>Videoreklama v \u010dl\u00e1nkoch - Digit\u00e1lny obchodn\u00edk<\/title>\n<meta name=\"robots\" content=\"index, follow, max-snippet:-1, max-image-preview:large, max-video-preview:-1\" \/>\n<link rel=\"canonical\" href=\"https:\/\/digitalnyobchodnik.sk\/start\/web-videoreklama\/videoreklama-v-clankoch\/\" \/>\n<meta property=\"og:locale\" content=\"sk_SK\" \/>\n<meta property=\"og:type\" content=\"article\" \/>\n<meta property=\"og:title\" content=\"Videoreklama v \u010dl\u00e1nkoch - Digit\u00e1lny obchodn\u00edk\" \/>\n<meta property=\"og:description\" content=\"Videoreklama v \u010dl\u00e1nkochVa\u0161e video sa st\u00e1va s\u00fa\u010das\u0165ou obsahu \u2013 zauja\u0165 e\u0161te nikdy nebolo jednoduch\u0161ie! Video reklama sa prehr\u00e1va automaticky v \u010dl\u00e1nku, \u010d\u00edm zachyt\u00e1va pozornos\u0165 pou\u017e\u00edvate\u013ea. Zvuk sa zapne len po kliknut\u00ed, aby neru\u0161il z\u00e1\u017eitok. Tento form\u00e1t podporuje vidite\u013enos\u0165, preto\u017ee video sa spust\u00ed a\u017e ke\u010f sa \u010ditate\u013eovi zobraz\u00ed na cel\u00fa str\u00e1nku a\u00a0ke\u010f pokra\u010duje v\u00a0scrollovan\u00ed, reklama sa [&hellip;]\" \/>\n<meta property=\"og:url\" content=\"https:\/\/digitalnyobchodnik.sk\/start\/web-videoreklama\/videoreklama-v-clankoch\/\" \/>\n<meta property=\"og:site_name\" content=\"Digit\u00e1lny obchodn\u00edk\" \/>\n<meta property=\"article:modified_time\" content=\"2025-06-20T08:41:16+00:00\" \/>\n<meta name=\"twitter:card\" content=\"summary_large_image\" \/>\n<meta name=\"twitter:label1\" content=\"Predpokladan\u00fd \u010das \u010d\u00edtania\" \/>\n\t<meta name=\"twitter:data1\" content=\"1 min\u00fata\" \/>\n<script type=\"application\/ld+json\" class=\"yoast-schema-graph\">{\"@context\":\"https:\/\/schema.org\",\"@graph\":[{\"@type\":\"WebPage\",\"@id\":\"https:\/\/digitalnyobchodnik.sk\/start\/web-videoreklama\/videoreklama-v-clankoch\/\",\"url\":\"https:\/\/digitalnyobchodnik.sk\/start\/web-videoreklama\/videoreklama-v-clankoch\/\",\"name\":\"Videoreklama v \u010dl\u00e1nkoch - Digit\u00e1lny obchodn\u00edk\",\"isPartOf\":{\"@id\":\"https:\/\/digitalnyobchodnik.sk\/start\/#website\"},\"datePublished\":\"2024-12-19T09:16:25+00:00\",\"dateModified\":\"2025-06-20T08:41:16+00:00\",\"breadcrumb\":{\"@id\":\"https:\/\/digitalnyobchodnik.sk\/start\/web-videoreklama\/videoreklama-v-clankoch\/#breadcrumb\"},\"inLanguage\":\"sk-SK\",\"potentialAction\":[{\"@type\":\"ReadAction\",\"target\":[\"https:\/\/digitalnyobchodnik.sk\/start\/web-videoreklama\/videoreklama-v-clankoch\/\"]}]},{\"@type\":\"BreadcrumbList\",\"@id\":\"https:\/\/digitalnyobchodnik.sk\/start\/web-videoreklama\/videoreklama-v-clankoch\/#breadcrumb\",\"itemListElement\":[{\"@type\":\"ListItem\",\"position\":1,\"name\":\"Hlavn\u00e1 str\u00e1nka\",\"item\":\"https:\/\/www.digitalnyobchodnik.sk\/start\/\"},{\"@type\":\"ListItem\",\"position\":2,\"name\":\"Web Videoreklama\",\"item\":\"https:\/\/digitalnyobchodnik.sk\/start\/web-videoreklama\/\"},{\"@type\":\"ListItem\",\"position\":3,\"name\":\"Videoreklama v \u010dl\u00e1nkoch\"}]},{\"@type\":\"WebSite\",\"@id\":\"https:\/\/digitalnyobchodnik.sk\/start\/#website\",\"url\":\"https:\/\/digitalnyobchodnik.sk\/start\/\",\"name\":\"Digit\u00e1lny obchodn\u00edk\",\"description\":\"\",\"publisher\":{\"@id\":\"https:\/\/digitalnyobchodnik.sk\/start\/#organization\"},\"potentialAction\":[{\"@type\":\"SearchAction\",\"target\":{\"@type\":\"EntryPoint\",\"urlTemplate\":\"https:\/\/digitalnyobchodnik.sk\/start\/?s={search_term_string}\"},\"query-input\":{\"@type\":\"PropertyValueSpecification\",\"valueRequired\":true,\"valueName\":\"search_term_string\"}}],\"inLanguage\":\"sk-SK\"},{\"@type\":\"Organization\",\"@id\":\"https:\/\/digitalnyobchodnik.sk\/start\/#organization\",\"name\":\"Digit\u00e1lny obchodn\u00edk\",\"url\":\"https:\/\/digitalnyobchodnik.sk\/start\/\",\"logo\":{\"@type\":\"ImageObject\",\"inLanguage\":\"sk-SK\",\"@id\":\"https:\/\/digitalnyobchodnik.sk\/start\/#\/schema\/logo\/image\/\",\"url\":\"https:\/\/digitalnyobchodnik.sk\/start\/wp-content\/uploads\/2024\/11\/test-digiobcho-icon-header-logo.png\",\"contentUrl\":\"https:\/\/digitalnyobchodnik.sk\/start\/wp-content\/uploads\/2024\/11\/test-digiobcho-icon-header-logo.png\",\"width\":160,\"height\":33,\"caption\":\"Digit\u00e1lny obchodn\u00edk\"},\"image\":{\"@id\":\"https:\/\/digitalnyobchodnik.sk\/start\/#\/schema\/logo\/image\/\"}}]}<\/script>\n<!-- \/ Yoast SEO plugin. -->","yoast_head_json":{"title":"Videoreklama v \u010dl\u00e1nkoch - Digit\u00e1lny obchodn\u00edk","robots":{"index":"index","follow":"follow","max-snippet":"max-snippet:-1","max-image-preview":"max-image-preview:large","max-video-preview":"max-video-preview:-1"},"canonical":"https:\/\/digitalnyobchodnik.sk\/start\/web-videoreklama\/videoreklama-v-clankoch\/","og_locale":"sk_SK","og_type":"article","og_title":"Videoreklama v \u010dl\u00e1nkoch - Digit\u00e1lny obchodn\u00edk","og_description":"Videoreklama v \u010dl\u00e1nkochVa\u0161e video sa st\u00e1va s\u00fa\u010das\u0165ou obsahu \u2013 zauja\u0165 e\u0161te nikdy nebolo jednoduch\u0161ie! Video reklama sa prehr\u00e1va automaticky v \u010dl\u00e1nku, \u010d\u00edm zachyt\u00e1va pozornos\u0165 pou\u017e\u00edvate\u013ea. Zvuk sa zapne len po kliknut\u00ed, aby neru\u0161il z\u00e1\u017eitok. Tento form\u00e1t podporuje vidite\u013enos\u0165, preto\u017ee video sa spust\u00ed a\u017e ke\u010f sa \u010ditate\u013eovi zobraz\u00ed na cel\u00fa str\u00e1nku a\u00a0ke\u010f pokra\u010duje v\u00a0scrollovan\u00ed, reklama sa [&hellip;]","og_url":"https:\/\/digitalnyobchodnik.sk\/start\/web-videoreklama\/videoreklama-v-clankoch\/","og_site_name":"Digit\u00e1lny obchodn\u00edk","article_modified_time":"2025-06-20T08:41:16+00:00","twitter_card":"summary_large_image","twitter_misc":{"Predpokladan\u00fd \u010das \u010d\u00edtania":"1 min\u00fata"},"schema":{"@context":"https:\/\/schema.org","@graph":[{"@type":"WebPage","@id":"https:\/\/digitalnyobchodnik.sk\/start\/web-videoreklama\/videoreklama-v-clankoch\/","url":"https:\/\/digitalnyobchodnik.sk\/start\/web-videoreklama\/videoreklama-v-clankoch\/","name":"Videoreklama v \u010dl\u00e1nkoch - Digit\u00e1lny obchodn\u00edk","isPartOf":{"@id":"https:\/\/digitalnyobchodnik.sk\/start\/#website"},"datePublished":"2024-12-19T09:16:25+00:00","dateModified":"2025-06-20T08:41:16+00:00","breadcrumb":{"@id":"https:\/\/digitalnyobchodnik.sk\/start\/web-videoreklama\/videoreklama-v-clankoch\/#breadcrumb"},"inLanguage":"sk-SK","potentialAction":[{"@type":"ReadAction","target":["https:\/\/digitalnyobchodnik.sk\/start\/web-videoreklama\/videoreklama-v-clankoch\/"]}]},{"@type":"BreadcrumbList","@id":"https:\/\/digitalnyobchodnik.sk\/start\/web-videoreklama\/videoreklama-v-clankoch\/#breadcrumb","itemListElement":[{"@type":"ListItem","position":1,"name":"Hlavn\u00e1 str\u00e1nka","item":"https:\/\/www.digitalnyobchodnik.sk\/start\/"},{"@type":"ListItem","position":2,"name":"Web Videoreklama","item":"https:\/\/digitalnyobchodnik.sk\/start\/web-videoreklama\/"},{"@type":"ListItem","position":3,"name":"Videoreklama v \u010dl\u00e1nkoch"}]},{"@type":"WebSite","@id":"https:\/\/digitalnyobchodnik.sk\/start\/#website","url":"https:\/\/digitalnyobchodnik.sk\/start\/","name":"Digit\u00e1lny obchodn\u00edk","description":"","publisher":{"@id":"https:\/\/digitalnyobchodnik.sk\/start\/#organization"},"potentialAction":[{"@type":"SearchAction","target":{"@type":"EntryPoint","urlTemplate":"https:\/\/digitalnyobchodnik.sk\/start\/?s={search_term_string}"},"query-input":{"@type":"PropertyValueSpecification","valueRequired":true,"valueName":"search_term_string"}}],"inLanguage":"sk-SK"},{"@type":"Organization","@id":"https:\/\/digitalnyobchodnik.sk\/start\/#organization","name":"Digit\u00e1lny obchodn\u00edk","url":"https:\/\/digitalnyobchodnik.sk\/start\/","logo":{"@type":"ImageObject","inLanguage":"sk-SK","@id":"https:\/\/digitalnyobchodnik.sk\/start\/#\/schema\/logo\/image\/","url":"https:\/\/digitalnyobchodnik.sk\/start\/wp-content\/uploads\/2024\/11\/test-digiobcho-icon-header-logo.png","contentUrl":"https:\/\/digitalnyobchodnik.sk\/start\/wp-content\/uploads\/2024\/11\/test-digiobcho-icon-header-logo.png","width":160,"height":33,"caption":"Digit\u00e1lny obchodn\u00edk"},"image":{"@id":"https:\/\/digitalnyobchodnik.sk\/start\/#\/schema\/logo\/image\/"}}]}},"_links":{"self":[{"href":"https:\/\/digitalnyobchodnik.sk\/start\/wp-json\/wp\/v2\/pages\/3390","targetHints":{"allow":["GET"]}}],"collection":[{"href":"https:\/\/digitalnyobchodnik.sk\/start\/wp-json\/wp\/v2\/pages"}],"about":[{"href":"https:\/\/digitalnyobchodnik.sk\/start\/wp-json\/wp\/v2\/types\/page"}],"author":[{"embeddable":true,"href":"https:\/\/digitalnyobchodnik.sk\/start\/wp-json\/wp\/v2\/users\/2"}],"replies":[{"embeddable":true,"href":"https:\/\/digitalnyobchodnik.sk\/start\/wp-json\/wp\/v2\/comments?post=3390"}],"version-history":[{"count":6,"href":"https:\/\/digitalnyobchodnik.sk\/start\/wp-json\/wp\/v2\/pages\/3390\/revisions"}],"predecessor-version":[{"id":4149,"href":"https:\/\/digitalnyobchodnik.sk\/start\/wp-json\/wp\/v2\/pages\/3390\/revisions\/4149"}],"up":[{"embeddable":true,"href":"https:\/\/digitalnyobchodnik.sk\/start\/wp-json\/wp\/v2\/pages\/3332"}],"wp:attachment":[{"href":"https:\/\/digitalnyobchodnik.sk\/start\/wp-json\/wp\/v2\/media?parent=3390"}],"curies":[{"name":"wp","href":"https:\/\/api.w.org\/{rel}","templated":true}]}}